{"id":442,"date":"2020-07-06T16:46:15","date_gmt":"2020-07-06T14:46:15","guid":{"rendered":"http:\/\/100-neuf.be\/?page_id=442"},"modified":"2023-10-11T11:05:53","modified_gmt":"2023-10-11T09:05:53","slug":"fle","status":"publish","type":"page","link":"https:\/\/100-neuf.be\/?page_id=442","title":{"rendered":"Initiative Locale d&#8217;Int\u00e9gration (ILI)"},"content":{"rendered":"\n<h3>Pour contacter l&#8217;\u00e9quipe<\/h3>\n\n\n\n<p class=\"has-text-align-center\">fle@100-neuf.be<\/p>\n\n\n\n<p class=\"has-text-align-center\">&nbsp;0470\/73. 69. 14<\/p>\n\n\n\n<p class=\"has-text-align-center\">02\/354.10.09<\/p>\n\n\n\n<hr class=\"wp-block-separator has-alpha-channel-opacity\"\/>\n\n\n\n<h2>FLE<\/h2>\n\n\n\n<div class=\"wp-block-media-text alignwide is-stacked-on-mobile\"><figure class=\"wp-block-media-text__media\"><img decoding=\"async\" loading=\"lazy\" width=\"1024\" height=\"768\" src=\"https:\/\/100-neuf.be\/wp-content\/uploads\/2022\/11\/WhatsApp-Image-2022-08-11-at-21.42.24-modifie-1024x768.png\" alt=\"\" class=\"wp-image-639 size-full\" srcset=\"https:\/\/100-neuf.be\/wp-content\/uploads\/2022\/11\/WhatsApp-Image-2022-08-11-at-21.42.24-modifie-1024x768.png 1024w, https:\/\/100-neuf.be\/wp-content\/uploads\/2022\/11\/WhatsApp-Image-2022-08-11-at-21.42.24-modifie-300x225.png 300w, https:\/\/100-neuf.be\/wp-content\/uploads\/2022\/11\/WhatsApp-Image-2022-08-11-at-21.42.24-modifie-768x576.png 768w, https:\/\/100-neuf.be\/wp-content\/uploads\/2022\/11\/WhatsApp-Image-2022-08-11-at-21.42.24-modifie-1536x1152.png 1536w, https:\/\/100-neuf.be\/wp-content\/uploads\/2022\/11\/WhatsApp-Image-2022-08-11-at-21.42.24-modifie-80x60.png 80w, https:\/\/100-neuf.be\/wp-content\/uploads\/2022\/11\/WhatsApp-Image-2022-08-11-at-21.42.24-modifie.png 2048w\" sizes=\"(max-width: 1024px) 100vw, 1024px\" \/><\/figure><div class=\"wp-block-media-text__content\">\n<p>Les cours FLE sont gratuits.<\/p>\n<\/div><\/div>\n\n\n\n<hr class=\"wp-block-separator has-alpha-channel-opacity\"\/>\n\n\n\n<h2>Cours de Citoyennet\u00e9<\/h2>\n\n\n\n<div class=\"wp-block-media-text alignwide has-media-on-the-right is-stacked-on-mobile\"><div class=\"wp-block-media-text__content\">\n<p>Ce cours est gratuit et programm\u00e9 chaque \u00e9t\u00e9.<\/p>\n<\/div><figure class=\"wp-block-media-text__media\"><img decoding=\"async\" loading=\"lazy\" width=\"720\" height=\"960\" src=\"https:\/\/100-neuf.be\/wp-content\/uploads\/2020\/10\/86184705_809995819503710_2043222582450192384_n.jpg\" alt=\"\" class=\"wp-image-598 size-full\" srcset=\"https:\/\/100-neuf.be\/wp-content\/uploads\/2020\/10\/86184705_809995819503710_2043222582450192384_n.jpg 720w, https:\/\/100-neuf.be\/wp-content\/uploads\/2020\/10\/86184705_809995819503710_2043222582450192384_n-225x300.jpg 225w, https:\/\/100-neuf.be\/wp-content\/uploads\/2020\/10\/86184705_809995819503710_2043222582450192384_n-45x60.jpg 45w\" sizes=\"(max-width: 720px) 100vw, 720px\" \/><\/figure><\/div>\n\n\n\n<hr class=\"wp-block-separator has-css-opacity\"\/>\n\n\n\n<div class=\"is-layout-flow wp-block-group\"><div class=\"wp-block-group__inner-container\"><ul class=\"wp-block-latest-posts__list wp-block-latest-posts\"><li><a class=\"wp-block-latest-posts__post-title\" href=\"https:\/\/100-neuf.be\/?p=585\">Auberge espagnole<\/a><div class=\"wp-block-latest-posts__post-full-content\"><!-- wp:paragraph -->\n<p>100 Neuf participait \u00e0 l&#8217;auberge espagnole organis\u00e9e par le Centre Culturel de Braine-l&#8217;Alleud. Les panneaux de nos apprenants y \u00e9taient expos\u00e9s. Une soir\u00e9e remplie de beaux moments de partages et de d\u00e9couvertes.<\/p>\n<!-- \/wp:paragraph --><\/div><\/li>\n<\/ul><\/div><\/div>\n\n\n\n<p><\/p>\n","protected":false},"excerpt":{"rendered":"<p>Pour contacter l&#8217;\u00e9quipe fle@100-neuf.be &nbsp;0470\/73. 69. 14 02\/354.10.09 FLE Les cours FLE sont gratuits. Cours de Citoyennet\u00e9 Ce cours est gratuit et programm\u00e9 chaque \u00e9t\u00e9.<\/p>\n","protected":false},"author":1,"featured_media":0,"parent":0,"menu_order":0,"comment_status":"closed","ping_status":"closed","template":"","meta":[],"_links":{"self":[{"href":"https:\/\/100-neuf.be\/index.php?rest_route=\/wp\/v2\/pages\/442"}],"collection":[{"href":"https:\/\/100-neuf.be\/index.php?rest_route=\/wp\/v2\/pages"}],"about":[{"href":"https:\/\/100-neuf.be\/index.php?rest_route=\/wp\/v2\/types\/page"}],"author":[{"embeddable":true,"href":"https:\/\/100-neuf.be\/index.php?rest_route=\/wp\/v2\/users\/1"}],"replies":[{"embeddable":true,"href":"https:\/\/100-neuf.be\/index.php?rest_route=%2Fwp%2Fv2%2Fcomments&post=442"}],"version-history":[{"count":21,"href":"https:\/\/100-neuf.be\/index.php?rest_route=\/wp\/v2\/pages\/442\/revisions"}],"predecessor-version":[{"id":735,"href":"https:\/\/100-neuf.be\/index.php?rest_route=\/wp\/v2\/pages\/442\/revisions\/735"}],"wp:attachment":[{"href":"https:\/\/100-neuf.be\/index.php?rest_route=%2Fwp%2Fv2%2Fmedia&parent=442"}],"curies":[{"name":"wp","href":"https:\/\/api.w.org\/{rel}","templated":true}]}}